{"id":344,"date":"2018-08-08T10:39:59","date_gmt":"2018-08-08T15:39:59","guid":{"rendered":"http:\/\/wpbilingual-staging.whc.ca\/?page_id=344"},"modified":"2025-03-19T11:15:45","modified_gmt":"2025-03-19T15:15:45","slug":"a-propos","status":"publish","type":"page","link":"https:\/\/www.asyd.ca\/?page_id=344&lang=fr","title":{"rendered":"\u00c0 propos"},"content":{"rendered":"\t\t<div data-elementor-type=\"post\" data-elementor-id=\"344\" class=\"elementor elementor-344\" data-elementor-settings=\"[]\">\n\t\t\t<div class=\"elementor-inner\">\n\t\t\t\t<div class=\"elementor-section-wrap\">\n\t\t\t\t\t\t\t<section data-id=\"49031465\" class=\"elementor-element elementor-element-49031465 elementor-section-height-full elementor-section-boxed elementor-section-height-default elementor-section-items-middle elementor-section elementor-top-section\" data-settings=\"{&quot;background_background&quot;:&quot;classic&quot;}\" data-element_type=\"section\">\n\t\t\t\t\t\t\t<div class=\"elementor-background-overlay\"><\/div>\n\t\t\t\t\t\t\t<div class=\"elementor-container elementor-column-gap-default\">\n\t\t\t\t<div class=\"elementor-row\">\n\t\t\t\t<div data-id=\"7c960dd\" class=\"elementor-element elementor-element-7c960dd elementor-column elementor-col-100 elementor-top-column\" data-element_type=\"column\">\n\t\t\t<div class=\"elementor-column-wrap\">\n\t\t\t\t\t<div class=\"elementor-widget-wrap\">\n\t\t\t\t\t\t<\/div>\n\t\t\t<\/div>\n\t\t<\/div>\n\t\t\t\t\t\t<\/div>\n\t\t\t<\/div>\n\t\t<\/section>\n\t\t\t\t<section data-id=\"94032f0\" class=\"elementor-element elementor-element-94032f0 elementor-section-boxed elementor-section-height-default elementor-section-height-default elementor-section elementor-top-section\" data-element_type=\"section\">\n\t\t\t\t\t\t<div class=\"elementor-container elementor-column-gap-default\">\n\t\t\t\t<div class=\"elementor-row\">\n\t\t\t\t<div data-id=\"3ec36e0\" class=\"elementor-element elementor-element-3ec36e0 elementor-column elementor-col-50 elementor-top-column\" data-element_type=\"column\">\n\t\t\t<div class=\"elementor-column-wrap  elementor-element-populated\">\n\t\t\t\t\t<div class=\"elementor-widget-wrap\">\n\t\t\t\t<div data-id=\"5c1efe9\" class=\"elementor-element elementor-element-5c1efe9 elementor-widget elementor-widget-image\" data-element_type=\"image.default\">\n\t\t\t\t<div class=\"elementor-widget-container\">\n\t\t\t\t\t<div class=\"elementor-image\">\n\t\t\t\t\t\t\t\t\t\t<img loading=\"lazy\" decoding=\"async\" width=\"638\" height=\"303\" src=\"https:\/\/www.asyd.ca\/wp-content\/uploads\/2025\/03\/bona-Domo.png\" class=\"attachment-large size-large\" alt=\"\" srcset=\"https:\/\/www.asyd.ca\/wp-content\/uploads\/2025\/03\/bona-Domo.png 638w, https:\/\/www.asyd.ca\/wp-content\/uploads\/2025\/03\/bona-Domo-300x142.png 300w\" sizes=\"auto, (max-width: 638px) 100vw, 638px\" \/>\t\t\t\t\t\t\t\t\t\t\t<\/div>\n\t\t\t\t<\/div>\n\t\t\t\t<\/div>\n\t\t\t\t<div data-id=\"230dcbb\" class=\"elementor-element elementor-element-230dcbb elementor-widget elementor-widget-image\" data-element_type=\"image.default\">\n\t\t\t\t<div class=\"elementor-widget-container\">\n\t\t\t\t\t<div class=\"elementor-image\">\n\t\t\t\t\t\t\t\t\t\t<img loading=\"lazy\" decoding=\"async\" width=\"457\" height=\"317\" src=\"https:\/\/www.asyd.ca\/wp-content\/uploads\/2025\/03\/bona-mega.png\" class=\"attachment-large size-large\" alt=\"\" srcset=\"https:\/\/www.asyd.ca\/wp-content\/uploads\/2025\/03\/bona-mega.png 457w, https:\/\/www.asyd.ca\/wp-content\/uploads\/2025\/03\/bona-mega-300x208.png 300w\" sizes=\"auto, (max-width: 457px) 100vw, 457px\" \/>\t\t\t\t\t\t\t\t\t\t\t<\/div>\n\t\t\t\t<\/div>\n\t\t\t\t<\/div>\n\t\t\t\t<div data-id=\"624d650\" class=\"elementor-element elementor-element-624d650 elementor-widget elementor-widget-image\" data-element_type=\"image.default\">\n\t\t\t\t<div class=\"elementor-widget-container\">\n\t\t\t\t\t<div class=\"elementor-image\">\n\t\t\t\t\t\t\t\t\t\t<img loading=\"lazy\" decoding=\"async\" width=\"375\" height=\"276\" src=\"https:\/\/www.asyd.ca\/wp-content\/uploads\/2025\/03\/bona-traffic.png\" class=\"attachment-large size-large\" alt=\"\" srcset=\"https:\/\/www.asyd.ca\/wp-content\/uploads\/2025\/03\/bona-traffic.png 375w, https:\/\/www.asyd.ca\/wp-content\/uploads\/2025\/03\/bona-traffic-300x221.png 300w\" sizes=\"auto, (max-width: 375px) 100vw, 375px\" \/>\t\t\t\t\t\t\t\t\t\t\t<\/div>\n\t\t\t\t<\/div>\n\t\t\t\t<\/div>\n\t\t\t\t<div data-id=\"a315034\" class=\"elementor-element elementor-element-a315034 elementor-widget elementor-widget-image\" data-element_type=\"image.default\">\n\t\t\t\t<div class=\"elementor-widget-container\">\n\t\t\t\t\t<div class=\"elementor-image\">\n\t\t\t\t\t\t\t\t\t\t<img loading=\"lazy\" decoding=\"async\" width=\"227\" height=\"300\" src=\"https:\/\/www.asyd.ca\/wp-content\/uploads\/2025\/03\/carver-227x300.png\" class=\"attachment-medium size-medium\" alt=\"\" srcset=\"https:\/\/www.asyd.ca\/wp-content\/uploads\/2025\/03\/carver-227x300.png 227w, https:\/\/www.asyd.ca\/wp-content\/uploads\/2025\/03\/carver.png 370w\" sizes=\"auto, (max-width: 227px) 100vw, 227px\" \/>\t\t\t\t\t\t\t\t\t\t\t<\/div>\n\t\t\t\t<\/div>\n\t\t\t\t<\/div>\n\t\t\t\t\t\t<\/div>\n\t\t\t<\/div>\n\t\t<\/div>\n\t\t\t\t<div data-id=\"450a3b0\" class=\"elementor-element elementor-element-450a3b0 elementor-column elementor-col-50 elementor-top-column\" data-element_type=\"column\">\n\t\t\t<div class=\"elementor-column-wrap  elementor-element-populated\">\n\t\t\t\t\t<div class=\"elementor-widget-wrap\">\n\t\t\t\t<div data-id=\"e63dc09\" class=\"elementor-element elementor-element-e63dc09 elementor-widget elementor-widget-heading\" data-element_type=\"heading.default\">\n\t\t\t\t<div class=\"elementor-widget-container\">\n\t\t\t<h2 class=\"elementor-heading-title elementor-size-large\">Quel est le r\u00f4le de votre entreprise?<\/h2>\t\t<\/div>\n\t\t\t\t<\/div>\n\t\t\t\t<div data-id=\"3d6e866\" class=\"elementor-element elementor-element-3d6e866 elementor-widget elementor-widget-text-editor\" data-element_type=\"text-editor.default\">\n\t\t\t\t<div class=\"elementor-widget-container\">\n\t\t\t\t\t<div class=\"elementor-text-editor elementor-clearfix\"><p><span style=\"font-variant-ligatures: normal; font-variant-caps: normal; font-family: Montserrat, Montserrat, 'Open Sans', sans-serif; font-size: 16px; font-style: normal; font-weight: 400;\">Chacune de nos r\u00e9alisations a une histoire qui grandit dans nos communaut\u00e9s locales avec un approvisionnement minutieux de mat\u00e9riaux de finitions non toxiques cr\u00e9ant leur caract\u00e9ristique unique.<\/span><span style=\"font-variant-ligatures: normal; font-variant-caps: normal; font-family: Tahoma, Verdana, Arial, Helvetica, sans-serif; font-size: 14px; font-style: normal; font-weight: 400; color: #000000; background-color: #f7f7f7;\">\u00a0<\/span><span style=\"font-variant-ligatures: normal; font-variant-caps: normal; font-family: Montserrat, Montserrat, 'Open Sans', sans-serif; font-size: 16px; font-style: normal; font-weight: 400;\">Nous \u00e9laborons dans le respect de l\u2019histoire, des pratiques durables modernes et de la qualit\u00e9 patrimoniale afin que vous puissiez profiter de votre pi\u00e8ce unique pour la vie.<\/span><\/p><\/div>\n\t\t\t\t<\/div>\n\t\t\t\t<\/div>\n\t\t\t\t<div data-id=\"8817be9\" class=\"elementor-element elementor-element-8817be9 elementor-widget elementor-widget-heading\" data-element_type=\"heading.default\">\n\t\t\t\t<div class=\"elementor-widget-container\">\n\t\t\t<h2 class=\"elementor-heading-title elementor-size-default\">Qu'est-ce qui vous a men\u00e9 l\u00e0 o\u00f9 vous \u00eates aujourd'hui?<\/h2>\t\t<\/div>\n\t\t\t\t<\/div>\n\t\t\t\t<div data-id=\"00405bd\" class=\"elementor-element elementor-element-00405bd elementor-widget elementor-widget-text-editor\" data-element_type=\"text-editor.default\">\n\t\t\t\t<div class=\"elementor-widget-container\">\n\t\t\t\t\t<div class=\"elementor-text-editor elementor-clearfix\"><p><span style=\"font-size: 16px;\">Fond\u00e9es \u00e0 Montr\u00e9al et dans les Laurentides, nous sommes des artisans du bois, des concepteurs remarquables, des entrepreneurs et des visionnaires. ASYD poss\u00e8de une expertise unique dans le processus de restauration et de raffinement des mati\u00e8res premi\u00e8res.<\/span><\/p><\/div>\n\t\t\t\t<\/div>\n\t\t\t\t<\/div>\n\t\t\t\t\t\t<\/div>\n\t\t\t<\/div>\n\t\t<\/div>\n\t\t\t\t\t\t<\/div>\n\t\t\t<\/div>\n\t\t<\/section>\n\t\t\t\t<section data-id=\"eb817be\" class=\"elementor-element elementor-element-eb817be elementor-section-boxed elementor-section-height-default elementor-section-height-default elementor-section elementor-top-section\" data-element_type=\"section\">\n\t\t\t\t\t\t<div class=\"elementor-container elementor-column-gap-default\">\n\t\t\t\t<div class=\"elementor-row\">\n\t\t\t\t<div data-id=\"4f2ab8f\" class=\"elementor-element elementor-element-4f2ab8f elementor-column elementor-col-100 elementor-top-column\" data-element_type=\"column\">\n\t\t\t<div class=\"elementor-column-wrap  elementor-element-populated\">\n\t\t\t\t\t<div class=\"elementor-widget-wrap\">\n\t\t\t\t<div data-id=\"88af3ba\" class=\"elementor-element elementor-element-88af3ba elementor-widget elementor-widget-heading\" data-element_type=\"heading.default\">\n\t\t\t\t<div class=\"elementor-widget-container\">\n\t\t\t<h2 class=\"elementor-heading-title elementor-size-default\">Cr\u00e9ateur!<\/h2>\t\t<\/div>\n\t\t\t\t<\/div>\n\t\t\t\t<div data-id=\"9546b98\" class=\"elementor-element elementor-element-9546b98 elementor-widget elementor-widget-text-editor\" data-element_type=\"text-editor.default\">\n\t\t\t\t<div class=\"elementor-widget-container\">\n\t\t\t\t\t<div class=\"elementor-text-editor elementor-clearfix\"><p style=\"margin-bottom: 0cm;\">Que serait notre entreprise sans nos fournisseurs locaux et nos partenaires d&#8217;affaires?<\/p><p style=\"margin-bottom: 0cm;\">\u00a0<\/p><p style=\"margin-bottom: 0cm;\">\u00a0Nulle part, parce que \u00e7a n&#8217;existerait pas !<\/p><\/div>\n\t\t\t\t<\/div>\n\t\t\t\t<\/div>\n\t\t\t\t\t\t<\/div>\n\t\t\t<\/div>\n\t\t<\/div>\n\t\t\t\t\t\t<\/div>\n\t\t\t<\/div>\n\t\t<\/section>\n\t\t\t\t<section data-id=\"043f9a1\" class=\"elementor-element elementor-element-043f9a1 elementor-section-boxed elementor-section-height-default elementor-section-height-default elementor-section elementor-top-section\" data-element_type=\"section\">\n\t\t\t\t\t\t<div class=\"elementor-container elementor-column-gap-wider\">\n\t\t\t\t<div class=\"elementor-row\">\n\t\t\t\t<div data-id=\"ca2f2a4\" class=\"elementor-element elementor-element-ca2f2a4 elementor-column elementor-col-100 elementor-top-column\" data-element_type=\"column\">\n\t\t\t<div class=\"elementor-column-wrap  elementor-element-populated\">\n\t\t\t\t\t<div class=\"elementor-widget-wrap\">\n\t\t\t\t<div data-id=\"607698b\" class=\"elementor-element elementor-element-607698b elementor-widget elementor-widget-image\" data-element_type=\"image.default\">\n\t\t\t\t<div class=\"elementor-widget-container\">\n\t\t\t\t\t<div class=\"elementor-image\">\n\t\t\t\t\t\t\t\t\t\t<img loading=\"lazy\" decoding=\"async\" width=\"169\" height=\"300\" src=\"https:\/\/www.asyd.ca\/wp-content\/uploads\/2020\/04\/Snapchat-1069467707-2-1-169x300.jpg\" class=\"attachment-medium size-medium\" alt=\"\" srcset=\"https:\/\/www.asyd.ca\/wp-content\/uploads\/2020\/04\/Snapchat-1069467707-2-1-169x300.jpg 169w, https:\/\/www.asyd.ca\/wp-content\/uploads\/2020\/04\/Snapchat-1069467707-2-1.jpg 269w\" sizes=\"auto, (max-width: 169px) 100vw, 169px\" \/>\t\t\t\t\t\t\t\t\t\t\t<\/div>\n\t\t\t\t<\/div>\n\t\t\t\t<\/div>\n\t\t\t\t<div data-id=\"9f9b957\" class=\"elementor-element elementor-element-9f9b957 elementor-widget elementor-widget-heading\" data-element_type=\"heading.default\">\n\t\t\t\t<div class=\"elementor-widget-container\">\n\t\t\t<h2 class=\"elementor-heading-title elementor-size-default\">Yanick Denis<\/h2>\t\t<\/div>\n\t\t\t\t<\/div>\n\t\t\t\t<div data-id=\"fec8537\" class=\"elementor-element elementor-element-fec8537 elementor-widget elementor-widget-heading\" data-element_type=\"heading.default\">\n\t\t\t\t<div class=\"elementor-widget-container\">\n\t\t\t<span class=\"elementor-heading-title elementor-size-default\">Ma\u00eetre Artisan<\/span>\t\t<\/div>\n\t\t\t\t<\/div>\n\t\t\t\t\t\t<\/div>\n\t\t\t<\/div>\n\t\t<\/div>\n\t\t\t\t\t\t<\/div>\n\t\t\t<\/div>\n\t\t<\/section>\n\t\t\t\t\t\t<\/div>\n\t\t\t<\/div>\n\t\t<\/div>\n\t\t","protected":false},"excerpt":{"rendered":"<p>Quel est le r\u00f4le de votre entreprise? Chacune de nos r\u00e9alisations a une histoire qui grandit dans nos communaut\u00e9s locales avec un approvisionnement minutieux de mat\u00e9riaux de finitions non toxiques cr\u00e9ant leur caract\u00e9ristique unique.\u00a0Nous \u00e9laborons dans le respect de l\u2019histoire, des pratiques durables modernes et de la qualit\u00e9 patrimoniale afin que vous puissiez profiter de [&hellip;]<\/p>\n","protected":false},"author":1,"featured_media":0,"parent":0,"menu_order":0,"comment_status":"closed","ping_status":"closed","template":"","meta":{"footnotes":""},"class_list":["post-344","page","type-page","status-publish","hentry","entry"],"_links":{"self":[{"href":"https:\/\/www.asyd.ca\/index.php?rest_route=\/wp\/v2\/pages\/344","targetHints":{"allow":["GET"]}}],"collection":[{"href":"https:\/\/www.asyd.ca\/index.php?rest_route=\/wp\/v2\/pages"}],"about":[{"href":"https:\/\/www.asyd.ca\/index.php?rest_route=\/wp\/v2\/types\/page"}],"author":[{"embeddable":true,"href":"https:\/\/www.asyd.ca\/index.php?rest_route=\/wp\/v2\/users\/1"}],"replies":[{"embeddable":true,"href":"https:\/\/www.asyd.ca\/index.php?rest_route=%2Fwp%2Fv2%2Fcomments&post=344"}],"version-history":[{"count":71,"href":"https:\/\/www.asyd.ca\/index.php?rest_route=\/wp\/v2\/pages\/344\/revisions"}],"predecessor-version":[{"id":1540,"href":"https:\/\/www.asyd.ca\/index.php?rest_route=\/wp\/v2\/pages\/344\/revisions\/1540"}],"wp:attachment":[{"href":"https:\/\/www.asyd.ca\/index.php?rest_route=%2Fwp%2Fv2%2Fmedia&parent=344"}],"curies":[{"name":"wp","href":"https:\/\/api.w.org\/{rel}","templated":true}]}}