{"id":298,"date":"2018-08-07T15:56:21","date_gmt":"2018-08-07T20:56:21","guid":{"rendered":"http:\/\/wpbilingual-staging.whc.ca\/?page_id=298"},"modified":"2025-03-19T10:48:23","modified_gmt":"2025-03-19T14:48:23","slug":"accueil","status":"publish","type":"page","link":"https:\/\/www.asyd.ca\/?page_id=298&lang=fr","title":{"rendered":"ASYD"},"content":{"rendered":"\t\t<div data-elementor-type=\"post\" data-elementor-id=\"298\" class=\"elementor elementor-298\" data-elementor-settings=\"[]\">\n\t\t\t<div class=\"elementor-inner\">\n\t\t\t\t<div class=\"elementor-section-wrap\">\n\t\t\t\t\t\t\t<section data-id=\"2d6da199\" class=\"elementor-element elementor-element-2d6da199 elementor-section-content-middle elementor-section-height-full elementor-section-boxed elementor-section-height-default elementor-section-items-middle elementor-section elementor-top-section\" data-settings=\"{&quot;background_background&quot;:&quot;classic&quot;}\" data-element_type=\"section\">\n\t\t\t\t\t\t<div class=\"elementor-container elementor-column-gap-no\">\n\t\t\t\t<div class=\"elementor-row\">\n\t\t\t\t<div data-id=\"407d35fc\" class=\"elementor-element elementor-element-407d35fc elementor-column elementor-col-33 elementor-top-column\" data-element_type=\"column\">\n\t\t\t<div class=\"elementor-column-wrap  elementor-element-populated\">\n\t\t\t\t\t<div class=\"elementor-widget-wrap\">\n\t\t\t\t<div data-id=\"18dd211f\" class=\"elementor-element elementor-element-18dd211f elementor-widget elementor-widget-text-editor\" data-element_type=\"text-editor.default\">\n\t\t\t\t<div class=\"elementor-widget-container\">\n\t\t\t\t\t<div class=\"elementor-text-editor elementor-clearfix\"><\/div>\n\t\t\t\t<\/div>\n\t\t\t\t<\/div>\n\t\t\t\t<div data-id=\"e38ae05\" class=\"elementor-element elementor-element-e38ae05 elementor-widget elementor-widget-button\" data-element_type=\"button.default\">\n\t\t\t\t<div class=\"elementor-widget-container\">\n\t\t\t\t\t<div class=\"elementor-button-wrapper\">\n\t\t\t<a href=\"https:\/\/forms.gle\/CVCHNsLvP2DsZsjeA\" class=\"elementor-button-link elementor-button elementor-size-sm\" role=\"button\">\n\t\t\t\t\t\t<span class=\"elementor-button-content-wrapper\">\n\t\t\t\t\t\t<span class=\"elementor-button-icon elementor-align-icon-left\">\n\t\t\t\t<i class=\"fa fa-arrow-circle-right\" aria-hidden=\"true\"><\/i>\n\t\t\t<\/span>\n\t\t\t\t\t\t<span class=\"elementor-button-text\">Formulaire soumission<\/span>\n\t\t<\/span>\n\t\t\t\t\t<\/a>\n\t\t<\/div>\n\t\t\t\t<\/div>\n\t\t\t\t<\/div>\n\t\t\t\t<div data-id=\"5282e96d\" class=\"elementor-element elementor-element-5282e96d elementor-widget elementor-widget-image\" data-element_type=\"image.default\">\n\t\t\t\t<div class=\"elementor-widget-container\">\n\t\t\t\t\t<div class=\"elementor-image\">\n\t\t\t\t\t\t\t\t\t\t<img loading=\"lazy\" decoding=\"async\" width=\"576\" height=\"1024\" src=\"https:\/\/www.asyd.ca\/wp-content\/uploads\/2020\/04\/IMG_4880-576x1024.jpg\" class=\"elementor-animation-grow attachment-large size-large\" alt=\"\" srcset=\"https:\/\/www.asyd.ca\/wp-content\/uploads\/2020\/04\/IMG_4880-576x1024.jpg 576w, https:\/\/www.asyd.ca\/wp-content\/uploads\/2020\/04\/IMG_4880-169x300.jpg 169w, https:\/\/www.asyd.ca\/wp-content\/uploads\/2020\/04\/IMG_4880-768x1365.jpg 768w, https:\/\/www.asyd.ca\/wp-content\/uploads\/2020\/04\/IMG_4880.jpg 1080w\" sizes=\"auto, (max-width: 576px) 100vw, 576px\" \/>\t\t\t\t\t\t\t\t\t\t\t<\/div>\n\t\t\t\t<\/div>\n\t\t\t\t<\/div>\n\t\t\t\t\t\t<\/div>\n\t\t\t<\/div>\n\t\t<\/div>\n\t\t\t\t<div data-id=\"77f2363f\" class=\"elementor-element elementor-element-77f2363f elementor-column elementor-col-33 elementor-top-column\" data-element_type=\"column\">\n\t\t\t<div class=\"elementor-column-wrap  elementor-element-populated\">\n\t\t\t\t\t<div class=\"elementor-widget-wrap\">\n\t\t\t\t<div data-id=\"3189ebd3\" class=\"elementor-element elementor-element-3189ebd3 elementor-widget elementor-widget-image\" data-element_type=\"image.default\">\n\t\t\t\t<div class=\"elementor-widget-container\">\n\t\t\t\t\t<div class=\"elementor-image\">\n\t\t\t\t\t\t\t\t\t\t<img loading=\"lazy\" decoding=\"async\" width=\"1024\" height=\"667\" src=\"https:\/\/www.asyd.ca\/wp-content\/uploads\/2023\/05\/Capture-de\u0301cran-le-2023-05-18-a\u0300-13.35.33-1024x667.png\" class=\"elementor-animation-grow attachment-large size-large\" alt=\"\" srcset=\"https:\/\/www.asyd.ca\/wp-content\/uploads\/2023\/05\/Capture-de\u0301cran-le-2023-05-18-a\u0300-13.35.33-1024x667.png 1024w, https:\/\/www.asyd.ca\/wp-content\/uploads\/2023\/05\/Capture-de\u0301cran-le-2023-05-18-a\u0300-13.35.33-300x195.png 300w, https:\/\/www.asyd.ca\/wp-content\/uploads\/2023\/05\/Capture-de\u0301cran-le-2023-05-18-a\u0300-13.35.33-768x500.png 768w, https:\/\/www.asyd.ca\/wp-content\/uploads\/2023\/05\/Capture-de\u0301cran-le-2023-05-18-a\u0300-13.35.33-1536x1000.png 1536w, https:\/\/www.asyd.ca\/wp-content\/uploads\/2023\/05\/Capture-de\u0301cran-le-2023-05-18-a\u0300-13.35.33.png 1548w\" sizes=\"auto, (max-width: 1024px) 100vw, 1024px\" \/>\t\t\t\t\t\t\t\t\t\t\t<\/div>\n\t\t\t\t<\/div>\n\t\t\t\t<\/div>\n\t\t\t\t<div data-id=\"194b5940\" class=\"elementor-element elementor-element-194b5940 elementor-widget elementor-widget-text-editor\" data-element_type=\"text-editor.default\">\n\t\t\t\t<div class=\"elementor-widget-container\">\n\t\t\t\t\t<div class=\"elementor-text-editor elementor-clearfix\"><h3 class=\"texte-blanc\">\nParcourez notre galerie pour d\u00e9couvrir l&#8217;\u00e9tendue de nos r\u00e9alisations et laissez-vous inspirer pour votre prochain projet. Chez ASYD, nous nous engageons \u00e0 concr\u00e9tiser vos id\u00e9es tout en respectant les normes de s\u00e9curit\u00e9 et de durabilit\u00e9 en vigueur.\n<\/h3>\n<style>\n  .texte-blanc {\n    color: white; \/* D\u00e9finit la couleur du texte en blanc *\/\n  }\n<\/style>\n<\/div>\n\t\t\t\t<\/div>\n\t\t\t\t<\/div>\n\t\t\t\t<div data-id=\"8984e49\" class=\"elementor-element elementor-element-8984e49 elementor-widget elementor-widget-image\" data-element_type=\"image.default\">\n\t\t\t\t<div class=\"elementor-widget-container\">\n\t\t\t\t\t<div class=\"elementor-image\">\n\t\t\t\t\t\t\t\t\t\t<img loading=\"lazy\" decoding=\"async\" width=\"1024\" height=\"576\" src=\"https:\/\/www.asyd.ca\/wp-content\/uploads\/2025\/02\/d4201062-821c-4203-9b36-e4d938089932-1024x576.jpg\" class=\"attachment-large size-large\" alt=\"\" srcset=\"https:\/\/www.asyd.ca\/wp-content\/uploads\/2025\/02\/d4201062-821c-4203-9b36-e4d938089932-1024x576.jpg 1024w, https:\/\/www.asyd.ca\/wp-content\/uploads\/2025\/02\/d4201062-821c-4203-9b36-e4d938089932-300x169.jpg 300w, https:\/\/www.asyd.ca\/wp-content\/uploads\/2025\/02\/d4201062-821c-4203-9b36-e4d938089932-768x432.jpg 768w, https:\/\/www.asyd.ca\/wp-content\/uploads\/2025\/02\/d4201062-821c-4203-9b36-e4d938089932-1536x864.jpg 1536w, https:\/\/www.asyd.ca\/wp-content\/uploads\/2025\/02\/d4201062-821c-4203-9b36-e4d938089932.jpg 2048w\" sizes=\"auto, (max-width: 1024px) 100vw, 1024px\" \/>\t\t\t\t\t\t\t\t\t\t\t<\/div>\n\t\t\t\t<\/div>\n\t\t\t\t<\/div>\n\t\t\t\t<div data-id=\"d9aed02\" class=\"elementor-element elementor-element-d9aed02 elementor-align-center elementor-widget elementor-widget-button\" data-element_type=\"button.default\">\n\t\t\t\t<div class=\"elementor-widget-container\">\n\t\t\t\t\t<div class=\"elementor-button-wrapper\">\n\t\t\t<a href=\"https:\/\/www.asyd.ca\/?page_id=422\" class=\"elementor-button-link elementor-button elementor-size-sm\" role=\"button\">\n\t\t\t\t\t\t<span class=\"elementor-button-content-wrapper\">\n\t\t\t\t\t\t<span class=\"elementor-button-text\">Location moulin portatif<\/span>\n\t\t<\/span>\n\t\t\t\t\t<\/a>\n\t\t<\/div>\n\t\t\t\t<\/div>\n\t\t\t\t<\/div>\n\t\t\t\t\t\t<\/div>\n\t\t\t<\/div>\n\t\t<\/div>\n\t\t\t\t<div data-id=\"6f5af6ce\" class=\"elementor-element elementor-element-6f5af6ce elementor-column elementor-col-33 elementor-top-column\" data-element_type=\"column\">\n\t\t\t<div class=\"elementor-column-wrap  elementor-element-populated\">\n\t\t\t\t\t<div class=\"elementor-widget-wrap\">\n\t\t\t\t<div data-id=\"126e2e07\" class=\"elementor-element elementor-element-126e2e07 elementor-widget elementor-widget-image\" data-element_type=\"image.default\">\n\t\t\t\t<div class=\"elementor-widget-container\">\n\t\t\t\t\t<div class=\"elementor-image\">\n\t\t\t\t\t\t\t\t\t\t<img loading=\"lazy\" decoding=\"async\" width=\"768\" height=\"1024\" src=\"https:\/\/www.asyd.ca\/wp-content\/uploads\/2020\/04\/IMG_4885-e1586967892974-768x1024.jpg\" class=\"elementor-animation-grow attachment-large size-large\" alt=\"\" srcset=\"https:\/\/www.asyd.ca\/wp-content\/uploads\/2020\/04\/IMG_4885-e1586967892974-768x1024.jpg 768w, https:\/\/www.asyd.ca\/wp-content\/uploads\/2020\/04\/IMG_4885-e1586967892974-225x300.jpg 225w\" sizes=\"auto, (max-width: 768px) 100vw, 768px\" \/>\t\t\t\t\t\t\t\t\t\t\t<\/div>\n\t\t\t\t<\/div>\n\t\t\t\t<\/div>\n\t\t\t\t\t\t<\/div>\n\t\t\t<\/div>\n\t\t<\/div>\n\t\t\t\t\t\t<\/div>\n\t\t\t<\/div>\n\t\t<\/section>\n\t\t\t\t<section data-id=\"9a0e732\" class=\"elementor-element elementor-element-9a0e732 elementor-section-boxed elementor-section-height-default elementor-section-height-default elementor-section elementor-top-section\" data-element_type=\"section\">\n\t\t\t\t\t\t<div class=\"elementor-container elementor-column-gap-wider\">\n\t\t\t\t<div class=\"elementor-row\">\n\t\t\t\t<div data-id=\"5705142\" class=\"elementor-element elementor-element-5705142 elementor-column elementor-col-33 elementor-top-column\" data-element_type=\"column\">\n\t\t\t<div class=\"elementor-column-wrap  elementor-element-populated\">\n\t\t\t\t\t<div class=\"elementor-widget-wrap\">\n\t\t\t\t<div data-id=\"319be77\" class=\"elementor-element elementor-element-319be77 elementor-position-top elementor-vertical-align-top elementor-widget elementor-widget-image-box\" data-element_type=\"image-box.default\">\n\t\t\t\t<div class=\"elementor-widget-container\">\n\t\t\t<div class=\"elementor-image-box-wrapper\"><figure class=\"elementor-image-box-img\"><img decoding=\"async\" src=\"https:\/\/www.asyd.ca\/wp-content\/uploads\/elementor\/thumbs\/bois-e1742473608818-r34z4qk4bzvqnweczvkx4w0xutxdnc5ke82i0w9us4.jpg\" title=\"bois\" alt=\"bois\" \/><\/figure><div class=\"elementor-image-box-content\"><h2 class=\"elementor-image-box-title\">\u00c0 propos<\/h2><p class=\"elementor-image-box-description\">L'atelier ASYD et son histoire.<br><br><\/p><\/div><\/div>\t\t<\/div>\n\t\t\t\t<\/div>\n\t\t\t\t<div data-id=\"3142420\" class=\"elementor-element elementor-element-3142420 elementor-align-center elementor-widget elementor-widget-button\" data-element_type=\"button.default\">\n\t\t\t\t<div class=\"elementor-widget-container\">\n\t\t\t\t\t<div class=\"elementor-button-wrapper\">\n\t\t\t<a href=\"https:\/\/www.asyd.ca\/?page_id=344&amp;lang=fr\" class=\"elementor-button-link elementor-button elementor-size-sm\" role=\"button\">\n\t\t\t\t\t\t<span class=\"elementor-button-content-wrapper\">\n\t\t\t\t\t\t<span class=\"elementor-button-text\">Information suppl\u00e9mentaire<\/span>\n\t\t<\/span>\n\t\t\t\t\t<\/a>\n\t\t<\/div>\n\t\t\t\t<\/div>\n\t\t\t\t<\/div>\n\t\t\t\t\t\t<\/div>\n\t\t\t<\/div>\n\t\t<\/div>\n\t\t\t\t<div data-id=\"ffd959b\" class=\"elementor-element elementor-element-ffd959b elementor-column elementor-col-33 elementor-top-column\" data-element_type=\"column\">\n\t\t\t<div class=\"elementor-column-wrap  elementor-element-populated\">\n\t\t\t\t\t<div class=\"elementor-widget-wrap\">\n\t\t\t\t<div data-id=\"87d9ad6\" class=\"elementor-element elementor-element-87d9ad6 elementor-position-top elementor-vertical-align-top elementor-widget elementor-widget-image-box\" data-element_type=\"image-box.default\">\n\t\t\t\t<div class=\"elementor-widget-container\">\n\t\t\t<div class=\"elementor-image-box-wrapper\"><figure class=\"elementor-image-box-img\"><img decoding=\"async\" src=\"https:\/\/www.asyd.ca\/wp-content\/uploads\/elementor\/thumbs\/ASYD_10-1-oilo8wmb0ssouy22svnp8mg4ymfn7n4q3h5pjklct0.jpg\" title=\"ASYD_10\" alt=\"ASYD_10\" \/><\/figure><div class=\"elementor-image-box-content\"><h2 class=\"elementor-image-box-title\">Travaux \u00e0 domicile<\/h2><p class=\"elementor-image-box-description\">Nous offrons des services d'artisan du bois franc \u00e0 domicile.<br><\/p><\/div><\/div>\t\t<\/div>\n\t\t\t\t<\/div>\n\t\t\t\t<div data-id=\"69de12f\" class=\"elementor-element elementor-element-69de12f elementor-align-center elementor-widget elementor-widget-button\" data-element_type=\"button.default\">\n\t\t\t\t<div class=\"elementor-widget-container\">\n\t\t\t\t\t<div class=\"elementor-button-wrapper\">\n\t\t\t<a href=\"https:\/\/www.asyd.ca\/?page_id=306&amp;lang=fr\" class=\"elementor-button-link elementor-button elementor-size-sm\" role=\"button\">\n\t\t\t\t\t\t<span class=\"elementor-button-content-wrapper\">\n\t\t\t\t\t\t<span class=\"elementor-button-text\">Information suppl\u00e9mentaire<\/span>\n\t\t<\/span>\n\t\t\t\t\t<\/a>\n\t\t<\/div>\n\t\t\t\t<\/div>\n\t\t\t\t<\/div>\n\t\t\t\t\t\t<\/div>\n\t\t\t<\/div>\n\t\t<\/div>\n\t\t\t\t<div data-id=\"80f33bd\" class=\"elementor-element elementor-element-80f33bd elementor-column elementor-col-33 elementor-top-column\" data-element_type=\"column\">\n\t\t\t<div class=\"elementor-column-wrap  elementor-element-populated\">\n\t\t\t\t\t<div class=\"elementor-widget-wrap\">\n\t\t\t\t<div data-id=\"ea13ffa\" class=\"elementor-element elementor-element-ea13ffa elementor-position-top elementor-vertical-align-top elementor-widget elementor-widget-image-box\" data-element_type=\"image-box.default\">\n\t\t\t\t<div class=\"elementor-widget-container\">\n\t\t\t<div class=\"elementor-image-box-wrapper\"><figure class=\"elementor-image-box-img\"><img decoding=\"async\" src=\"https:\/\/www.asyd.ca\/wp-content\/uploads\/elementor\/thumbs\/video-1577201537_Moment-1-oincdcladxr99w2yyyztaxm4t060sotm0h7lidcmxg.jpg\" title=\"video-1577201537_Moment\" alt=\"video-1577201537_Moment\" \/><\/figure><div class=\"elementor-image-box-content\"><h2 class=\"elementor-image-box-title\">Galerie<\/h2><p class=\"elementor-image-box-description\">Parcourez nos multiples projets en tous genres, cliquez sur le lien ci-dessous. <br><\/p><\/div><\/div>\t\t<\/div>\n\t\t\t\t<\/div>\n\t\t\t\t<div data-id=\"1785a72\" class=\"elementor-element elementor-element-1785a72 elementor-align-center elementor-widget elementor-widget-button\" data-element_type=\"button.default\">\n\t\t\t\t<div class=\"elementor-widget-container\">\n\t\t\t\t\t<div class=\"elementor-button-wrapper\">\n\t\t\t<a href=\"https:\/\/www.asyd.ca\/?page_id=301&amp;lang=fr\" class=\"elementor-button-link elementor-button elementor-size-sm\" role=\"button\">\n\t\t\t\t\t\t<span class=\"elementor-button-content-wrapper\">\n\t\t\t\t\t\t<span class=\"elementor-button-text\">Information suppl\u00e9mentaire<\/span>\n\t\t<\/span>\n\t\t\t\t\t<\/a>\n\t\t<\/div>\n\t\t\t\t<\/div>\n\t\t\t\t<\/div>\n\t\t\t\t\t\t<\/div>\n\t\t\t<\/div>\n\t\t<\/div>\n\t\t\t\t\t\t<\/div>\n\t\t\t<\/div>\n\t\t<\/section>\n\t\t\t\t<section data-id=\"302ed59\" class=\"elementor-element elementor-element-302ed59 elementor-section-boxed elementor-section-height-default elementor-section-height-default elementor-section elementor-top-section\" data-settings=\"{&quot;background_background&quot;:&quot;classic&quot;}\" data-element_type=\"section\">\n\t\t\t\t\t\t<div class=\"elementor-container elementor-column-gap-default\">\n\t\t\t\t<div class=\"elementor-row\">\n\t\t\t\t<div data-id=\"6fc1ed79\" class=\"elementor-element elementor-element-6fc1ed79 elementor-column elementor-col-100 elementor-top-column\" data-element_type=\"column\">\n\t\t\t<div class=\"elementor-column-wrap  elementor-element-populated\">\n\t\t\t\t\t<div class=\"elementor-widget-wrap\">\n\t\t\t\t<div data-id=\"6c3e7a9c\" class=\"elementor-element elementor-element-6c3e7a9c elementor-widget elementor-widget-heading\" data-element_type=\"heading.default\">\n\t\t\t\t<div class=\"elementor-widget-container\">\n\t\t\t<h2 class=\"elementor-heading-title elementor-size-default\">Bonjour! Ravi de vous voir!<\/h2>\t\t<\/div>\n\t\t\t\t<\/div>\n\t\t\t\t<div data-id=\"255b8a5d\" class=\"elementor-element elementor-element-255b8a5d elementor-widget elementor-widget-text-editor\" data-element_type=\"text-editor.default\">\n\t\t\t\t<div class=\"elementor-widget-container\">\n\t\t\t\t\t<div class=\"elementor-text-editor elementor-clearfix\"><p>Maintenant que j&#8217;ai votre attention, je vais en profiter pour vous expliquer la complexit\u00e9 d&#8217;ASYD.\u00a0<\/p><ul><li style=\"font-size: 16px;\">Artisan du bois franc et d&#8217;autres rev\u00eatements de plancher variables<\/li><li style=\"font-size: 16px;\">Produits \u00e9cologiques latex Bona<\/li><li style=\"font-size: 16px;\">Produits \u00e0 base d&#8217;huile Carver<\/li><li style=\"font-size: 16px;\">Produits de couleur teinture variable\u00a0\u00a0<\/li><\/ul><p><span style=\"font-size: 16px;\">ASYD est une compagnie \u00e0 l&#8217;\u00e9coute des besoins de nos clients. Il est de notre devoir de construire tous projets selon les normes de s\u00e9curit\u00e9 en vigueur et pour la viabilit\u00e9 de celui-ci.\u00a0<\/span><\/p><p><em><b>!!! Ne tardez pas, remplissez notre formulaire de soumission !!! Allez consulter notre catalogue et nos galeries photos !<\/b><\/em><\/p><p>Nous serrons ravies de communiquer avec vous dans les plus brefs d\u00e9lais, pour discuter de votre projet sur mesure. D&#8217;ici \u00e0 une r\u00e9ponse formelle de notre part, <em><strong>visit\u00e9 nos sp\u00e9ciaux du mois.<\/strong><\/em> Il s&#8217;agit de nos meubles d\u00e9j\u00e0 construit en vente sur place ou par livraison*.<\/p><\/div>\n\t\t\t\t<\/div>\n\t\t\t\t<\/div>\n\t\t\t\t<div data-id=\"c776b29\" class=\"elementor-element elementor-element-c776b29 elementor-align-center elementor-widget elementor-widget-button\" data-element_type=\"button.default\">\n\t\t\t\t<div class=\"elementor-widget-container\">\n\t\t\t\t\t<div class=\"elementor-button-wrapper\">\n\t\t\t<a href=\"https:\/\/www.asyd.ca\/?page_id=295&amp;preview_nonce=5b9f3a7eda&amp;lang=fr\" class=\"elementor-button-link elementor-button elementor-size-md elementor-animation-grow\" role=\"button\">\n\t\t\t\t\t\t<span class=\"elementor-button-content-wrapper\">\n\t\t\t\t\t\t<span class=\"elementor-button-text\">Contactez-nous<\/span>\n\t\t<\/span>\n\t\t\t\t\t<\/a>\n\t\t<\/div>\n\t\t\t\t<\/div>\n\t\t\t\t<\/div>\n\t\t\t\t\t\t<\/div>\n\t\t\t<\/div>\n\t\t<\/div>\n\t\t\t\t\t\t<\/div>\n\t\t\t<\/div>\n\t\t<\/section>\n\t\t\t\t\t\t<\/div>\n\t\t\t<\/div>\n\t\t<\/div>\n\t\t","protected":false},"excerpt":{"rendered":"<p>Formulaire soumission Parcourez notre galerie pour d\u00e9couvrir l&#8217;\u00e9tendue de nos r\u00e9alisations et laissez-vous inspirer pour votre prochain projet. Chez ASYD, nous nous engageons \u00e0 concr\u00e9tiser vos id\u00e9es tout en respectant les normes de s\u00e9curit\u00e9 et de durabilit\u00e9 en vigueur. Location moulin portatif \u00c0 propos L&#8217;atelier ASYD et son histoire. Information suppl\u00e9mentaire Travaux \u00e0 domicile Nous [&hellip;]<\/p>\n","protected":false},"author":1,"featured_media":0,"parent":0,"menu_order":0,"comment_status":"closed","ping_status":"open","template":"","meta":{"footnotes":""},"class_list":["post-298","page","type-page","status-publish","hentry","entry"],"_links":{"self":[{"href":"https:\/\/www.asyd.ca\/index.php?rest_route=\/wp\/v2\/pages\/298","targetHints":{"allow":["GET"]}}],"collection":[{"href":"https:\/\/www.asyd.ca\/index.php?rest_route=\/wp\/v2\/pages"}],"about":[{"href":"https:\/\/www.asyd.ca\/index.php?rest_route=\/wp\/v2\/types\/page"}],"author":[{"embeddable":true,"href":"https:\/\/www.asyd.ca\/index.php?rest_route=\/wp\/v2\/users\/1"}],"replies":[{"embeddable":true,"href":"https:\/\/www.asyd.ca\/index.php?rest_route=%2Fwp%2Fv2%2Fcomments&post=298"}],"version-history":[{"count":105,"href":"https:\/\/www.asyd.ca\/index.php?rest_route=\/wp\/v2\/pages\/298\/revisions"}],"predecessor-version":[{"id":1533,"href":"https:\/\/www.asyd.ca\/index.php?rest_route=\/wp\/v2\/pages\/298\/revisions\/1533"}],"wp:attachment":[{"href":"https:\/\/www.asyd.ca\/index.php?rest_route=%2Fwp%2Fv2%2Fmedia&parent=298"}],"curies":[{"name":"wp","href":"https:\/\/api.w.org\/{rel}","templated":true}]}}